{"id":510,"date":"2019-03-06T08:02:47","date_gmt":"2019-03-06T08:02:47","guid":{"rendered":"http:\/\/khomau.webrt.vn\/huytuantelecom\/?page_id=510"},"modified":"2021-12-11T06:12:00","modified_gmt":"2021-12-11T06:12:00","slug":"lien-he","status":"publish","type":"page","link":"https:\/\/camerahuytuan.themedep.top\/?page_id=510","title":{"rendered":"Li\u00ean h\u1ec7"},"content":{"rendered":"<div class=\"row page_lh\"  id=\"row-1247623110\">\n<div class=\"col medium-6 small-12 large-6\"  ><div class=\"col-inner\" style=\"padding:0px 0px 0 0px;margin:0px 0px 0 0px;\" >\n<h2>C\u00f4ng ty TNHH c\u00f4ng ngh\u1ec7 cao Huy Tu\u1ea5n<\/h2>\n<p>VP H\u00e0 N\u1ed9i: LK24-S\u1ed1 8, Khu \u0110DV 20A-20B, D\u01b0\u01a1ng N\u1ed9i, H\u00e0 \u0110\u00f4ng, H\u00e0 N\u1ed9i <\/p>\n<p>VP Qu\u1ea3ng Ninh: S\u1ed1 10, Ng\u00f5 385, Tr\u1ea7n Ph\u00fa, C\u1ea9m Th\u00e0nh, C\u1ea9m Ph\u1ea3, Qu\u1ea3ng Ninh<\/p>\n<p>Emaill: nguyenhaininhvn@gmail.com<\/p>\n<p>Hotline:0366433483<\/p>\n<\/div><\/div>\n<div class=\"col medium-6 small-12 large-6\"  ><div class=\"col-inner\" style=\"padding:0px 0px 0 0px;margin:0px 0px 0 0px;\" >\n<h2>Li\u00ean h\u1ec7<\/h2>\n<p class=\"wpcf7-contact-form-not-found\"><strong>L\u1ed7i:<\/strong> Kh\u00f4ng t\u00ecm th\u1ea5y bi\u1ec3u m\u1eabu li\u00ean h\u1ec7.<\/p>\n<\/div><\/div>\n<div class=\"col small-12 large-12\"  ><div class=\"col-inner\" style=\"padding:0px 0px 0 0px;margin:0px 0px 0px 0px;\" >\n<p><iframe src=\"https:\/\/www.google.com\/maps\/embed?pb=!1m16!1m12!1m3!1d59606.723925865364!2d105.70425674134836!3d20.975784972802987!2m3!1f0!2f0!3f0!3m2!1i1024!2i768!4f13.1!2m1!1zTEsyNC1T4buRIDgsIEtodSDEkERWIDIwQS0yMEIsIETGsMahbmcgTuG7mWksIEjDoCDEkMO0bmcsIEjDoCBO4buZaQ!5e0!3m2!1svi!2s!4v1639208072813!5m2!1svi!2s\" width=\"100%\" height=\"450\" style=\"border:0;\" allowfullscreen=\"\" loading=\"lazy\"><\/iframe><\/p>\n<\/div><\/div>\n\n<style scope=\"scope\">\n\n#row-1247623110 > .col > .col-inner {\n  padding: 30px 0px 0px 0px;\n}\n<\/style>\n<\/div>\n","protected":false},"excerpt":{"rendered":"","protected":false},"author":1,"featured_media":0,"parent":0,"menu_order":0,"comment_status":"closed","ping_status":"closed","template":"page-blank.php","meta":{"footnotes":""},"class_list":["post-510","page","type-page","status-publish","hentry"],"yoast_head":"<!-- This site is optimized with the Yoast SEO plugin v24.0 - https:\/\/yoast.com\/wordpress\/plugins\/seo\/ -->\n<title>Camera<\/title>\n<meta name=\"robots\" content=\"index, follow, max-snippet:-1, max-image-preview:large, max-video-preview:-1\" \/>\n<link rel=\"canonical\" href=\"https:\/\/camerahuytuan.themedep.top\/?page_id=510\" \/>\n<meta property=\"og:locale\" content=\"vi_VN\" \/>\n<meta property=\"og:type\" content=\"article\" \/>\n<meta property=\"og:title\" content=\"Camera\" \/>\n<meta property=\"og:url\" content=\"https:\/\/camerahuytuan.themedep.top\/?page_id=510\" \/>\n<meta property=\"og:site_name\" content=\"Camera\" \/>\n<meta property=\"article:modified_time\" content=\"2021-12-11T06:12:00+00:00\" \/>\n<meta name=\"twitter:card\" content=\"summary_large_image\" \/>\n<meta name=\"twitter:label1\" content=\"\u01af\u1edbc t\u00ednh th\u1eddi gian \u0111\u1ecdc\" \/>\n\t<meta name=\"twitter:data1\" content=\"1 ph\u00fat\" \/>\n<script type=\"application\/ld+json\" class=\"yoast-schema-graph\">{\"@context\":\"https:\/\/schema.org\",\"@graph\":[{\"@type\":\"WebPage\",\"@id\":\"https:\/\/camerahuytuan.themedep.top\/?page_id=510\",\"url\":\"https:\/\/camerahuytuan.themedep.top\/?page_id=510\",\"name\":\"Camera\",\"isPartOf\":{\"@id\":\"https:\/\/camerahuytuan.themedep.top\/#website\"},\"datePublished\":\"2019-03-06T08:02:47+00:00\",\"dateModified\":\"2021-12-11T06:12:00+00:00\",\"breadcrumb\":{\"@id\":\"https:\/\/camerahuytuan.themedep.top\/?page_id=510#breadcrumb\"},\"inLanguage\":\"vi\",\"potentialAction\":[{\"@type\":\"ReadAction\",\"target\":[\"https:\/\/camerahuytuan.themedep.top\/?page_id=510\"]}]},{\"@type\":\"BreadcrumbList\",\"@id\":\"https:\/\/camerahuytuan.themedep.top\/?page_id=510#breadcrumb\",\"itemListElement\":[{\"@type\":\"ListItem\",\"position\":1,\"name\":\"Trang ch\u1ee7\",\"item\":\"https:\/\/camerahuytuan.themedep.top\/\"},{\"@type\":\"ListItem\",\"position\":2,\"name\":\"Li\u00ean h\u1ec7\"}]},{\"@type\":\"WebSite\",\"@id\":\"https:\/\/camerahuytuan.themedep.top\/#website\",\"url\":\"https:\/\/camerahuytuan.themedep.top\/\",\"name\":\"Camera\",\"description\":\"\",\"potentialAction\":[{\"@type\":\"SearchAction\",\"target\":{\"@type\":\"EntryPoint\",\"urlTemplate\":\"https:\/\/camerahuytuan.themedep.top\/?s={search_term_string}\"},\"query-input\":{\"@type\":\"PropertyValueSpecification\",\"valueRequired\":true,\"valueName\":\"search_term_string\"}}],\"inLanguage\":\"vi\"}]}<\/script>\n<!-- \/ Yoast SEO plugin. -->","yoast_head_json":{"title":"Camera","robots":{"index":"index","follow":"follow","max-snippet":"max-snippet:-1","max-image-preview":"max-image-preview:large","max-video-preview":"max-video-preview:-1"},"canonical":"https:\/\/camerahuytuan.themedep.top\/?page_id=510","og_locale":"vi_VN","og_type":"article","og_title":"Camera","og_url":"https:\/\/camerahuytuan.themedep.top\/?page_id=510","og_site_name":"Camera","article_modified_time":"2021-12-11T06:12:00+00:00","twitter_card":"summary_large_image","twitter_misc":{"\u01af\u1edbc t\u00ednh th\u1eddi gian \u0111\u1ecdc":"1 ph\u00fat"},"schema":{"@context":"https:\/\/schema.org","@graph":[{"@type":"WebPage","@id":"https:\/\/camerahuytuan.themedep.top\/?page_id=510","url":"https:\/\/camerahuytuan.themedep.top\/?page_id=510","name":"Camera","isPartOf":{"@id":"https:\/\/camerahuytuan.themedep.top\/#website"},"datePublished":"2019-03-06T08:02:47+00:00","dateModified":"2021-12-11T06:12:00+00:00","breadcrumb":{"@id":"https:\/\/camerahuytuan.themedep.top\/?page_id=510#breadcrumb"},"inLanguage":"vi","potentialAction":[{"@type":"ReadAction","target":["https:\/\/camerahuytuan.themedep.top\/?page_id=510"]}]},{"@type":"BreadcrumbList","@id":"https:\/\/camerahuytuan.themedep.top\/?page_id=510#breadcrumb","itemListElement":[{"@type":"ListItem","position":1,"name":"Trang ch\u1ee7","item":"https:\/\/camerahuytuan.themedep.top\/"},{"@type":"ListItem","position":2,"name":"Li\u00ean h\u1ec7"}]},{"@type":"WebSite","@id":"https:\/\/camerahuytuan.themedep.top\/#website","url":"https:\/\/camerahuytuan.themedep.top\/","name":"Camera","description":"","potentialAction":[{"@type":"SearchAction","target":{"@type":"EntryPoint","urlTemplate":"https:\/\/camerahuytuan.themedep.top\/?s={search_term_string}"},"query-input":{"@type":"PropertyValueSpecification","valueRequired":true,"valueName":"search_term_string"}}],"inLanguage":"vi"}]}},"_links":{"self":[{"href":"https:\/\/camerahuytuan.themedep.top\/index.php?rest_route=\/wp\/v2\/pages\/510"}],"collection":[{"href":"https:\/\/camerahuytuan.themedep.top\/index.php?rest_route=\/wp\/v2\/pages"}],"about":[{"href":"https:\/\/camerahuytuan.themedep.top\/index.php?rest_route=\/wp\/v2\/types\/page"}],"author":[{"embeddable":true,"href":"https:\/\/camerahuytuan.themedep.top\/index.php?rest_route=\/wp\/v2\/users\/1"}],"replies":[{"embeddable":true,"href":"https:\/\/camerahuytuan.themedep.top\/index.php?rest_route=%2Fwp%2Fv2%2Fcomments&post=510"}],"version-history":[{"count":14,"href":"https:\/\/camerahuytuan.themedep.top\/index.php?rest_route=\/wp\/v2\/pages\/510\/revisions"}],"predecessor-version":[{"id":1693,"href":"https:\/\/camerahuytuan.themedep.top\/index.php?rest_route=\/wp\/v2\/pages\/510\/revisions\/1693"}],"wp:attachment":[{"href":"https:\/\/camerahuytuan.themedep.top\/index.php?rest_route=%2Fwp%2Fv2%2Fmedia&parent=510"}],"curies":[{"name":"wp","href":"https:\/\/api.w.org\/{rel}","templated":true}]}}